{"id":8915,"date":"2023-12-01T08:54:59","date_gmt":"2023-12-01T08:54:59","guid":{"rendered":"https:\/\/festive-yalow.186-209-113-134.plesk.page\/plataforme\/?page_id=8915"},"modified":"2024-01-30T22:29:04","modified_gmt":"2024-01-30T22:29:04","slug":"termes-et-conditions","status":"publish","type":"page","link":"https:\/\/connectaemploi.com\/plataforme\/es\/termes-et-conditions\/","title":{"rendered":"T\u00c9RMINOS DE USO"},"content":{"rendered":"<p>Bienvenido a Connecta Emploi, una plataforma especializada en conectar empresas y candidatos para las mejores oportunidades de empleo en Quebec, Canad\u00e1.<\/p>\n<p>A continuaci\u00f3n, describimos los T\u00e9rminos de Uso de Connecta que regulan la interacci\u00f3n entre los usuarios y la plataforma. Le sugerimos que los lea cuidadosamente, ya que al utilizar nuestros servicios, estar\u00e1 aceptando impl\u00edcitamente estos t\u00e9rminos.<\/p>\n<p>\u00a1Feliz lectura!<\/p>\n<p><strong>T\u00c9RMINOS DE USO \u2013 Connecta Emploi<\/strong><\/p>\n<ol>\n<li><strong>Perfil del Usuario<\/strong> 1.1. La plataforma Connecta Emploi est\u00e1 restringida a personas mayores de 18 a\u00f1os.<\/li>\n<li><strong>Registro<\/strong> 2.1. El registro en Connecta Emploi es gratuito. 2.1.1. El usuario debe completarlo con su informaci\u00f3n personal y profesional, incluyendo experiencia, formaci\u00f3n y regi\u00f3n de inter\u00e9s. 2.1.2. Cada usuario tendr\u00e1 acceso a la plataforma mediante un nombre de usuario y una contrase\u00f1a privada, no transferible. 2.2. Connecta Emploi se reserva el derecho exclusivo de aceptar, rechazar y eliminar cualquier registro.<\/li>\n<li><strong>Responsabilidades del Usuario<\/strong> 3.1. El usuario se compromete a: a) Proporcionar informaci\u00f3n personal y profesional verdadera y verificable en todo momento. b) Corregir y completar su registro a solicitud de Connecta Emploi o a su propio pedido. c) Respetar a las empresas y otros usuarios registrados en Connecta Emploi. 3.2. El usuario de Connecta Emploi es el \u00fanico responsable del uso indebido o falso de la informaci\u00f3n incluida en su perfil, sujeto a posibles sanciones.<\/li>\n<li><strong>Privacidad<\/strong> 4.1. La informaci\u00f3n personal y profesional del usuario en su perfil de Connecta Emploi es confidencial y est\u00e1 protegida, y nunca se compartir\u00e1, de forma gratuita o comercial, con terceros. 4.2. La informaci\u00f3n del usuario en Connecta Emploi se compartir\u00e1 exclusivamente con empresas registradas que tengan puestos disponibles compatibles con su perfil.<\/li>\n<li><strong>\u00c1rea VIP<\/strong> 5.1. El \u00c1rea VIP es accesible para el usuario mediante la suscripci\u00f3n a nuestro Plan Connecta VIP. 5.1.1. La suscripci\u00f3n al Plan Connecta VIP es anual (12 meses), con pagos mensuales recurrentes. 5.2. Despu\u00e9s de 3 intentos infructuosos de pago, el perfil del usuario se suspender\u00e1 autom\u00e1ticamente y se bloquear\u00e1 su acceso. 5.2.1. Si el pago no se regulariza en las 72 horas siguientes al \u00faltimo intento infructuoso, Connecta Emploi cancelar\u00e1 definitivamente el perfil del usuario, cobrando una multa equivalente a 5 cuotas del Plan VIP. 5.3. En caso de cancelaci\u00f3n anticipada, se aplicar\u00e1 autom\u00e1ticamente una multa por rescisi\u00f3n equivalente a 5 cuotas del Plan VIP y se cobrar\u00e1 a trav\u00e9s del m\u00e9todo de pago registrado por el usuario en Connecta Emploi.<\/li>\n<li><strong>Responsabilidades de Connecta Emploi<\/strong> 6.1. Connecta Emploi se compromete a: a) Facilitar las vacantes de empleo de las empresas registradas en la plataforma. b) Ofrecer diversos cursos. c) Proporcionar informaci\u00f3n integral para ayudar a los usuarios a aprovechar las oportunidades laborales en Quebec. 6.2. Connecta Emploi no proporciona empleos, solo vacantes. Todo el proceso de selecci\u00f3n, desde la entrevista hasta la firma del contrato, es responsabilidad exclusiva de la empresa que selecciona al candidato. 6.3. Connecta Emploi no garantiza, en ning\u00fan caso, la obtenci\u00f3n de un empleo. Su \u00fanica y limitada obligaci\u00f3n es facilitar el contacto entre los usuarios: empresas y sus vacantes, y los perfiles de los candidatos.<\/li>\n<li><strong>Cancelaci\u00f3n del Registro y Eliminaci\u00f3n de los Datos del Usuario<\/strong> 7.1. El registro del usuario, ya sea en el Plan Gratuito o en el Plan Connecta VIP, puede ser cancelado en caso de: a) Proporcionar informaci\u00f3n falsa. b) Incumplir las normas de la plataforma. c) Y en el caso espec\u00edfico del Plan Connecta VIP, por falta de pago. 7.2. La cancelaci\u00f3n del registro se comunicar\u00e1 al usuario exclusivamente por correo electr\u00f3nico.<\/li>\n<li><strong>Actualizaciones<\/strong> 8.1. Las actualizaciones en la plataforma Connecta Emploi se comunicar\u00e1n al usuario mediante comunicaci\u00f3n electr\u00f3nica. Si es necesario, se solicitar\u00e1 aprobaci\u00f3n.<\/li>\n<li><strong>Modificaci\u00f3n de las Disposiciones de los T\u00e9rminos de Uso<\/strong> 9.1. Connecta Emploi se reserva el derecho de modificar las disposiciones de estos T\u00e9rminos de Uso en cualquier momento, con notificaci\u00f3n previa a los usuarios.<\/li>\n<li><strong>Jurisdicci\u00f3n<\/strong> 10.1. Los T\u00e9rminos de Uso de la Plataforma Connecta Emploi est\u00e1n sujetos a la legislaci\u00f3n brasile\u00f1a.<\/li>\n<li><strong>Al utilizar la Plataforma Connecta Emploi, usted, usuario, est\u00e1 aceptando expresamente estos T\u00e9rminos de Uso. En este sentido, recomendamos una lectura y revisi\u00f3n cuidadosas y, si es necesario, asesoramiento legal para garantizar una comprensi\u00f3n completa de su contenido.<\/strong><\/li>\n<\/ol>\n<p><\/p>","protected":false},"excerpt":{"rendered":"<p>Bienvenido a Connecta Emploi, una plataforma especializada en conectar empresas y candidatos para las mejores oportunidades de empleo en Quebec, Canad\u00e1. A continuaci\u00f3n, describimos los T\u00e9rminos de Uso de Connecta que regulan la interacci\u00f3n entre los usuarios y la plataforma. Le sugerimos que los lea cuidadosamente, ya que al utilizar nuestros servicios, estar\u00e1 aceptando impl\u00edcitamente [&hellip;]<\/p>\n","protected":false},"author":1,"featured_media":0,"parent":0,"menu_order":0,"comment_status":"closed","ping_status":"closed","template":"","meta":{"footnotes":""},"class_list":["post-8915","page","type-page","status-publish","hentry"],"yoast_head":"<!-- This site is optimized with the Yoast SEO plugin v23.1 - https:\/\/yoast.com\/wordpress\/plugins\/seo\/ -->\n<title>T\u00c9RMINOS DE USO - Connecta Emploi<\/title>\n<meta name=\"robots\" content=\"noindex, follow, max-snippet:-1, max-image-preview:large, max-video-preview:-1\" \/>\n<meta property=\"og:locale\" content=\"es_ES\" \/>\n<meta property=\"og:type\" content=\"article\" \/>\n<meta property=\"og:title\" content=\"[:fr]Termes et conditions d&#039;utilisation[:en]TERMS OF USE[:es]T\u00c9RMINOS DE USO[:pb]TERMOS E CONDI\u00c7OES DE USO[:] - Connecta Emploi\" \/>\n<meta property=\"og:description\" content=\"Bienvenido a Connecta Emploi, una plataforma especializada en conectar empresas y candidatos para las mejores oportunidades de empleo en Quebec, Canad\u00e1. A continuaci\u00f3n, describimos los T\u00e9rminos de Uso de Connecta que regulan la interacci\u00f3n entre los usuarios y la plataforma. Le sugerimos que los lea cuidadosamente, ya que al utilizar nuestros servicios, estar\u00e1 aceptando impl\u00edcitamente [&hellip;]\" \/>\n<meta property=\"og:url\" content=\"https:\/\/connectaemploi.com\/plataforme\/termes-et-conditions\/\" \/>\n<meta property=\"og:site_name\" content=\"Connecta Emploi\" \/>\n<meta property=\"article:modified_time\" content=\"2024-01-30T22:29:04+00:00\" \/>\n<meta name=\"twitter:card\" content=\"summary_large_image\" \/>\n<meta name=\"twitter:label1\" content=\"Tiempo de lectura\" \/>\n\t<meta name=\"twitter:data1\" content=\"14 minutos\" \/>\n<script type=\"application\/ld+json\" class=\"yoast-schema-graph\">{\"@context\":\"https:\/\/schema.org\",\"@graph\":[{\"@type\":\"WebPage\",\"@id\":\"https:\/\/connectaemploi.com\/plataforme\/termes-et-conditions\/\",\"url\":\"https:\/\/connectaemploi.com\/plataforme\/termes-et-conditions\/\",\"name\":\"[:fr]Termes et conditions d'utilisation[:en]TERMS OF USE[:es]T\u00c9RMINOS DE USO[:pb]TERMOS E CONDI\u00c7OES DE USO[:] - Connecta Emploi\",\"isPartOf\":{\"@id\":\"https:\/\/connectaemploi.com\/plataforme\/pb\/#website\"},\"datePublished\":\"2023-12-01T08:54:59+00:00\",\"dateModified\":\"2024-01-30T22:29:04+00:00\",\"breadcrumb\":{\"@id\":\"https:\/\/connectaemploi.com\/plataforme\/termes-et-conditions\/#breadcrumb\"},\"inLanguage\":\"es\",\"potentialAction\":[{\"@type\":\"ReadAction\",\"target\":[\"https:\/\/connectaemploi.com\/plataforme\/termes-et-conditions\/\"]}]},{\"@type\":\"BreadcrumbList\",\"@id\":\"https:\/\/connectaemploi.com\/plataforme\/termes-et-conditions\/#breadcrumb\",\"itemListElement\":[{\"@type\":\"ListItem\",\"position\":1,\"name\":\"In\u00edcio\",\"item\":\"https:\/\/connectaemploi.com\/plataforme\/\"},{\"@type\":\"ListItem\",\"position\":2,\"name\":\"Termes et conditions d&#8217;utilisation\"}]},{\"@type\":\"WebSite\",\"@id\":\"https:\/\/connectaemploi.com\/plataforme\/pb\/#website\",\"url\":\"https:\/\/connectaemploi.com\/plataforme\/pb\/\",\"name\":\"Connecta Emploi\",\"description\":\"\",\"publisher\":{\"@id\":\"https:\/\/connectaemploi.com\/plataforme\/pb\/#organization\"},\"potentialAction\":[{\"@type\":\"SearchAction\",\"target\":{\"@type\":\"EntryPoint\",\"urlTemplate\":\"https:\/\/connectaemploi.com\/plataforme\/pb\/?s={search_term_string}\"},\"query-input\":\"required name=search_term_string\"}],\"inLanguage\":\"es\"},{\"@type\":\"Organization\",\"@id\":\"https:\/\/connectaemploi.com\/plataforme\/pb\/#organization\",\"name\":\"Connecta Emploi\",\"url\":\"https:\/\/connectaemploi.com\/plataforme\/pb\/\",\"logo\":{\"@type\":\"ImageObject\",\"inLanguage\":\"es\",\"@id\":\"https:\/\/connectaemploi.com\/plataforme\/pb\/#\/schema\/logo\/image\/\",\"url\":\"https:\/\/connectaemploi.com\/plataforme\/wp-content\/uploads\/2024\/07\/azul-4-1.png\",\"contentUrl\":\"https:\/\/connectaemploi.com\/plataforme\/wp-content\/uploads\/2024\/07\/azul-4-1.png\",\"width\":764,\"height\":400,\"caption\":\"Connecta Emploi\"},\"image\":{\"@id\":\"https:\/\/connectaemploi.com\/plataforme\/pb\/#\/schema\/logo\/image\/\"}}]}<\/script>\n<!-- \/ Yoast SEO plugin. -->","yoast_head_json":{"title":"[:fr]Termes et conditions d'utilisation[:en]TERMS OF USE[:es]T\u00c9RMINOS DE USO[:pb]TERMOS E CONDI\u00c7OES DE USO[:] - Connecta Emploi","robots":{"index":"noindex","follow":"follow","max-snippet":"max-snippet:-1","max-image-preview":"max-image-preview:large","max-video-preview":"max-video-preview:-1"},"og_locale":"es_ES","og_type":"article","og_title":"[:fr]Termes et conditions d'utilisation[:en]TERMS OF USE[:es]T\u00c9RMINOS DE USO[:pb]TERMOS E CONDI\u00c7OES DE USO[:] - Connecta Emploi","og_description":"Bienvenido a Connecta Emploi, una plataforma especializada en conectar empresas y candidatos para las mejores oportunidades de empleo en Quebec, Canad\u00e1. A continuaci\u00f3n, describimos los T\u00e9rminos de Uso de Connecta que regulan la interacci\u00f3n entre los usuarios y la plataforma. Le sugerimos que los lea cuidadosamente, ya que al utilizar nuestros servicios, estar\u00e1 aceptando impl\u00edcitamente [&hellip;]","og_url":"https:\/\/connectaemploi.com\/plataforme\/termes-et-conditions\/","og_site_name":"Connecta Emploi","article_modified_time":"2024-01-30T22:29:04+00:00","twitter_card":"summary_large_image","twitter_misc":{"Tiempo de lectura":"14 minutos"},"schema":{"@context":"https:\/\/schema.org","@graph":[{"@type":"WebPage","@id":"https:\/\/connectaemploi.com\/plataforme\/termes-et-conditions\/","url":"https:\/\/connectaemploi.com\/plataforme\/termes-et-conditions\/","name":"[:fr]Termes et conditions d'utilisation[:en]TERMS OF USE[:es]T\u00c9RMINOS DE USO[:pb]TERMOS E CONDI\u00c7OES DE USO[:] - Connecta Emploi","isPartOf":{"@id":"https:\/\/connectaemploi.com\/plataforme\/pb\/#website"},"datePublished":"2023-12-01T08:54:59+00:00","dateModified":"2024-01-30T22:29:04+00:00","breadcrumb":{"@id":"https:\/\/connectaemploi.com\/plataforme\/termes-et-conditions\/#breadcrumb"},"inLanguage":"es","potentialAction":[{"@type":"ReadAction","target":["https:\/\/connectaemploi.com\/plataforme\/termes-et-conditions\/"]}]},{"@type":"BreadcrumbList","@id":"https:\/\/connectaemploi.com\/plataforme\/termes-et-conditions\/#breadcrumb","itemListElement":[{"@type":"ListItem","position":1,"name":"In\u00edcio","item":"https:\/\/connectaemploi.com\/plataforme\/"},{"@type":"ListItem","position":2,"name":"Termes et conditions d&#8217;utilisation"}]},{"@type":"WebSite","@id":"https:\/\/connectaemploi.com\/plataforme\/pb\/#website","url":"https:\/\/connectaemploi.com\/plataforme\/pb\/","name":"Connecta Emploi","description":"","publisher":{"@id":"https:\/\/connectaemploi.com\/plataforme\/pb\/#organization"},"potentialAction":[{"@type":"SearchAction","target":{"@type":"EntryPoint","urlTemplate":"https:\/\/connectaemploi.com\/plataforme\/pb\/?s={search_term_string}"},"query-input":"required name=search_term_string"}],"inLanguage":"es"},{"@type":"Organization","@id":"https:\/\/connectaemploi.com\/plataforme\/pb\/#organization","name":"Connecta Emploi","url":"https:\/\/connectaemploi.com\/plataforme\/pb\/","logo":{"@type":"ImageObject","inLanguage":"es","@id":"https:\/\/connectaemploi.com\/plataforme\/pb\/#\/schema\/logo\/image\/","url":"https:\/\/connectaemploi.com\/plataforme\/wp-content\/uploads\/2024\/07\/azul-4-1.png","contentUrl":"https:\/\/connectaemploi.com\/plataforme\/wp-content\/uploads\/2024\/07\/azul-4-1.png","width":764,"height":400,"caption":"Connecta Emploi"},"image":{"@id":"https:\/\/connectaemploi.com\/plataforme\/pb\/#\/schema\/logo\/image\/"}}]}},"_links":{"self":[{"href":"https:\/\/connectaemploi.com\/plataforme\/es\/wp-json\/wp\/v2\/pages\/8915","targetHints":{"allow":["GET"]}}],"collection":[{"href":"https:\/\/connectaemploi.com\/plataforme\/es\/wp-json\/wp\/v2\/pages"}],"about":[{"href":"https:\/\/connectaemploi.com\/plataforme\/es\/wp-json\/wp\/v2\/types\/page"}],"author":[{"embeddable":true,"href":"https:\/\/connectaemploi.com\/plataforme\/es\/wp-json\/wp\/v2\/users\/1"}],"replies":[{"embeddable":true,"href":"https:\/\/connectaemploi.com\/plataforme\/es\/wp-json\/wp\/v2\/comments?post=8915"}],"version-history":[{"count":11,"href":"https:\/\/connectaemploi.com\/plataforme\/es\/wp-json\/wp\/v2\/pages\/8915\/revisions"}],"predecessor-version":[{"id":10984,"href":"https:\/\/connectaemploi.com\/plataforme\/es\/wp-json\/wp\/v2\/pages\/8915\/revisions\/10984"}],"wp:attachment":[{"href":"https:\/\/connectaemploi.com\/plataforme\/es\/wp-json\/wp\/v2\/media?parent=8915"}],"curies":[{"name":"wp","href":"https:\/\/api.w.org\/{rel}","templated":true}]}}