{"id":8915,"date":"2023-12-01T08:54:59","date_gmt":"2023-12-01T08:54:59","guid":{"rendered":"https:\/\/festive-yalow.186-209-113-134.plesk.page\/plataforme\/?page_id=8915"},"modified":"2024-01-30T22:29:04","modified_gmt":"2024-01-30T22:29:04","slug":"termes-et-conditions","status":"publish","type":"page","link":"https:\/\/connectaemploi.com\/plataforme\/pb\/termes-et-conditions\/","title":{"rendered":"TERMOS E CONDI\u00c7OES DE USO"},"content":{"rendered":"<p>Bem-vindo \u00e0 Connecta Emploi, uma plataforma especializada em conectar empresas e candidatos para as melhores oportunidades de emprego no Quebec, Canad\u00e1.<\/p>\n<p>Abaixo, descrevemos os Termos de Uso da Connecta que regulam a intera\u00e7\u00e3o entre os usu\u00e1rios e a plataforma.<\/p>\n<p>Sugerimos que os leia atenta e cuidadosamente, pois ao utilizar nossos servi\u00e7os, voc\u00ea estar\u00e1 implicitamente concordando com os mesmos.<\/p>\n<p>Boa leitura!<\/p>\n<p><strong>TERMOS DE USO \u2013 Connecta Emploi<\/strong><\/p>\n<ol>\n<li><strong>Perfil do Usu\u00e1rio<\/strong>\n<ul>\n<li>A plataforma Connecta Emploi \u00e9 de acesso restrito \u00e0s pessoas maiores de 18 anos.<\/li>\n<\/ul>\n<\/li>\n<li><strong>Cadastro\u00a0<\/strong>\n<ul>\n<li>O cadastro na Connecta Emploi \u00e9 gratuito.\n<ul>\n<li>O usu\u00e1rio dever\u00e1 preench\u00ea-lo com as suas informa\u00e7\u00f5es pessoais e profissionais, incluindo experi\u00eancia, forma\u00e7\u00e3o e regi\u00e3o de interesse.<\/li>\n<li>Cada usu\u00e1rio ter\u00e1 acesso \u00e0 plataforma atrav\u00e9s de um nome de usu\u00e1rio e de uma senha privada, n\u00e3o transfer\u00edvel.<\/li>\n<\/ul>\n<\/li>\n<li>A Connecta Emploi se reserva o direito exclusivo de aceitar, recusar e excluir qualquer cadastro.<\/li>\n<\/ul>\n<\/li>\n<li><strong>Responsabilidades do Usu\u00e1rio\u00a0<\/strong>\n<ul>\n<li>O usu\u00e1rio se compromete a:\n<ol>\n<li>Prover informa\u00e7\u00f5es pessoais e profissionais verdadeiras e verific\u00e1veis a qualquer tempo.<\/li>\n<li>Corrigir e completar o seu cadastro por requisi\u00e7\u00e3o da Connecta Emploi ou a seu pedido.<\/li>\n<li>Respeitar as empresas e os demais usu\u00e1rios cadastrados na Connecta Emploi.<\/li>\n<\/ol>\n<\/li>\n<li>O usu\u00e1rio da Connecta Emploi \u00e9 o \u00fanico respons\u00e1vel pelo uso inadequado ou falso das informa\u00e7\u00f5es inclu\u00eddas por ele no cadastro, sujeitando-se \u00e0s eventuais san\u00e7\u00f5es que daquele decorram.<\/li>\n<\/ul>\n<\/li>\n<li><strong>Privacidade\u00a0<\/strong>\n<ul>\n<li>As informa\u00e7\u00f5es pessoais e profissionais do usu\u00e1rio contidas no seu cadastro na Connecta Emploi s\u00e3o confidenciais e protegidas, n\u00e3o sendo jamais compartilhadas, gratuita ou comercialmente, com terceiros.<\/li>\n<li>As informa\u00e7\u00f5es do usu\u00e1rio da Connecta Emploi ser\u00e3o compartilhadas exclusivamente com empresas cadastradas que apresentem postos dispon\u00edveis e compat\u00edveis com o seu perfil.<\/li>\n<\/ul>\n<\/li>\n<li><strong>\u00c1rea VIP\u00a0<\/strong>\n<ul>\n<li>A \u00c0rea VIP \u00e9 acess\u00edvel ao usu\u00e1rio atrav\u00e9s da assinatura do nosso Plano Connecta VIP.\n<ul>\n<li>A assinatura do Plano Connecta VIP \u00e9 anual (12 meses), com pagamentos mensais recorrentes.<\/li>\n<\/ul>\n<\/li>\n<li>Ap\u00f3s 3 tentativas infrut\u00edferas de pagamento, automaticamente o usu\u00e1rio ter\u00e1 o seu perfil suspenso e seu acesso bloqueado.\n<ul>\n<li>Se o pagamento n\u00e3o for regularizado em at\u00e9 72 horas a contar da \u00faltima tentativa infrut\u00edfera, a Connecta Emploi cancelar\u00e1 definitivamente o perfil do usu\u00e1rio, cobrando multa no valor equivalente a 5 parcelas do Plano VIP.<\/li>\n<\/ul>\n<\/li>\n<li>Na eventualidade de cancelamento antecipado, uma multa rescis\u00f3ria equivalente a 5 parcelas do Plano VIP ser\u00e1 aplicada e cobrada automaticamente atrav\u00e9s do meio de cobran\u00e7a cadastrado pelo usu\u00e1rio na Connecta Emploi.<\/li>\n<\/ul>\n<\/li>\n<li><strong>Responsabilidades da Connecta Emploi\u00a0<\/strong>\n<ul>\n<li>A Connecta Emploi se compromete a:\n<ol>\n<li>Disponibilizar as vagas de emprego das empresas cadastradas na plataforma,<\/li>\n<li>Oferecer cursos os mais diversos.<\/li>\n<li>Informa\u00e7\u00f5es abrangentes para auxiliar os usu\u00e1rios na conquista de oportunidades de emprego no Quebec.<\/li>\n<\/ol>\n<\/li>\n<li>A Connecta Emploi n\u00e3o disponibiliza empregos, mas t\u00e3o-somente vagas. Todo o processo seletivo, da entrevista \u00e0 assinatura do contrato, \u00e9 de inteira responsabilidade da empresa que selecionar o candidato.<\/li>\n<li>A Connecta Emploi n\u00e3o garante, em hip\u00f3tese alguma, a obten\u00e7\u00e3o de um emprego. Sua \u00fanica e limitada obriga\u00e7\u00e3o \u00e9 de tornar acess\u00edvel o contato entre os usu\u00e1rios: empresas e suas vagas e os perfis dos candidatos.<\/li>\n<\/ul>\n<\/li>\n<li><strong>Cancelamento do cadastro e elimina\u00e7\u00e3o dos dados do usu\u00e1rio\u00a0<\/strong>\n<ul>\n<li>O cadastro do cadastro do usu\u00e1rio, esteja ele no Plano Gratuito ou no Plano Connecta VIP, poder\u00e1 ser cancelado em caso de\n<ol>\n<li>Fornecimento de informa\u00e7\u00f5es falsas<\/li>\n<li>Desrespeito \u00e0s normas da plataforma.<\/li>\n<li>E no caso espec\u00edfico do Plano Connecta VIP, na falta de pagamento.<\/li>\n<\/ol>\n<\/li>\n<li>O cancelamento do cadastro ser\u00e1 comunicado ao usu\u00e1rio exclusivamente por e-mail.<\/li>\n<\/ul>\n<\/li>\n<li><strong>Atualiza\u00e7\u00f5es\u00a0<\/strong>\n<ul>\n<li>Atualiza\u00e7\u00f5es na plataforma Connecta Emploi ser\u00e3o informadas ao usu\u00e1rio por meio de comunica\u00e7\u00e3o eletr\u00f4nica. Havendo necessidade, uma solicita\u00e7\u00e3o de aprova\u00e7\u00e3o ser\u00e1 requerida ao mesmo.<\/li>\n<\/ul>\n<\/li>\n<li><strong>Modifica\u00e7\u00e3o nas disposi\u00e7\u00f5es dos Termos de Uso<\/strong>\n<ul>\n<li>A Connecta Emploi reserva-se o direito de modificar as disposi\u00e7\u00f5es deste Termos de Uso a qualquer momento, mediante pr\u00e9via notifica\u00e7\u00e3o aos usu\u00e1rios.<\/li>\n<\/ul>\n<\/li>\n<li><strong>Jurisdi\u00e7\u00e3o<\/strong>\n<ul>\n<li>Os Termos de Uso da Plataforma Connecta Emploi est\u00e3o sujeitos \u00e0 legisla\u00e7\u00e3o brasileira.<\/li>\n<\/ul>\n<\/li>\n<li><strong>Ao utilizar a Plataforma Connecta Emploi, voc\u00ea, usu\u00e1rio, est\u00e1 concordando expressamente com estes Termos de Uso. Neste sentido, recomendamos a sua leitura e revis\u00e3o cuidadosas e, se necess\u00e1rio, um aconselhamento legal para assegurar a total compreens\u00e3o do seu conte\u00fado.<\/strong><\/li>\n<\/ol>\n<p><\/p>","protected":false},"excerpt":{"rendered":"<p>Bem-vindo \u00e0 Connecta Emploi, uma plataforma especializada em conectar empresas e candidatos para as melhores oportunidades de emprego no Quebec, Canad\u00e1. Abaixo, descrevemos os Termos de Uso da Connecta que regulam a intera\u00e7\u00e3o entre os usu\u00e1rios e a plataforma. Sugerimos que os leia atenta e cuidadosamente, pois ao utilizar nossos servi\u00e7os, voc\u00ea estar\u00e1 implicitamente concordando [&hellip;]<\/p>\n","protected":false},"author":1,"featured_media":0,"parent":0,"menu_order":0,"comment_status":"closed","ping_status":"closed","template":"","meta":{"footnotes":""},"class_list":["post-8915","page","type-page","status-publish","hentry"],"yoast_head":"<!-- This site is optimized with the Yoast SEO plugin v23.1 - https:\/\/yoast.com\/wordpress\/plugins\/seo\/ -->\n<title>TERMOS E CONDI\u00c7OES DE USO - Connecta Emploi<\/title>\n<meta name=\"robots\" content=\"noindex, follow, max-snippet:-1, max-image-preview:large, max-video-preview:-1\" \/>\n<meta property=\"og:locale\" content=\"pt_BR\" \/>\n<meta property=\"og:type\" content=\"article\" \/>\n<meta property=\"og:title\" content=\"[:fr]Termes et conditions d&#039;utilisation[:en]TERMS OF USE[:es]T\u00c9RMINOS DE USO[:pb]TERMOS E CONDI\u00c7OES DE USO[:] - Connecta Emploi\" \/>\n<meta property=\"og:description\" content=\"Bem-vindo \u00e0 Connecta Emploi, uma plataforma especializada em conectar empresas e candidatos para as melhores oportunidades de emprego no Quebec, Canad\u00e1. Abaixo, descrevemos os Termos de Uso da Connecta que regulam a intera\u00e7\u00e3o entre os usu\u00e1rios e a plataforma. Sugerimos que os leia atenta e cuidadosamente, pois ao utilizar nossos servi\u00e7os, voc\u00ea estar\u00e1 implicitamente concordando [&hellip;]\" \/>\n<meta property=\"og:url\" content=\"https:\/\/connectaemploi.com\/plataforme\/termes-et-conditions\/\" \/>\n<meta property=\"og:site_name\" content=\"Connecta Emploi\" \/>\n<meta property=\"article:modified_time\" content=\"2024-01-30T22:29:04+00:00\" \/>\n<meta name=\"twitter:card\" content=\"summary_large_image\" \/>\n<meta name=\"twitter:label1\" content=\"Est. tempo de leitura\" \/>\n\t<meta name=\"twitter:data1\" content=\"14 minutos\" \/>\n<script type=\"application\/ld+json\" class=\"yoast-schema-graph\">{\"@context\":\"https:\/\/schema.org\",\"@graph\":[{\"@type\":\"WebPage\",\"@id\":\"https:\/\/connectaemploi.com\/plataforme\/termes-et-conditions\/\",\"url\":\"https:\/\/connectaemploi.com\/plataforme\/termes-et-conditions\/\",\"name\":\"[:fr]Termes et conditions d'utilisation[:en]TERMS OF USE[:es]T\u00c9RMINOS DE USO[:pb]TERMOS E CONDI\u00c7OES DE USO[:] - Connecta Emploi\",\"isPartOf\":{\"@id\":\"https:\/\/connectaemploi.com\/plataforme\/pb\/#website\"},\"datePublished\":\"2023-12-01T08:54:59+00:00\",\"dateModified\":\"2024-01-30T22:29:04+00:00\",\"breadcrumb\":{\"@id\":\"https:\/\/connectaemploi.com\/plataforme\/termes-et-conditions\/#breadcrumb\"},\"inLanguage\":\"pt-BR\",\"potentialAction\":[{\"@type\":\"ReadAction\",\"target\":[\"https:\/\/connectaemploi.com\/plataforme\/termes-et-conditions\/\"]}]},{\"@type\":\"BreadcrumbList\",\"@id\":\"https:\/\/connectaemploi.com\/plataforme\/termes-et-conditions\/#breadcrumb\",\"itemListElement\":[{\"@type\":\"ListItem\",\"position\":1,\"name\":\"In\u00edcio\",\"item\":\"https:\/\/connectaemploi.com\/plataforme\/\"},{\"@type\":\"ListItem\",\"position\":2,\"name\":\"Termes et conditions d&#8217;utilisation\"}]},{\"@type\":\"WebSite\",\"@id\":\"https:\/\/connectaemploi.com\/plataforme\/pb\/#website\",\"url\":\"https:\/\/connectaemploi.com\/plataforme\/pb\/\",\"name\":\"Connecta Emploi\",\"description\":\"\",\"publisher\":{\"@id\":\"https:\/\/connectaemploi.com\/plataforme\/pb\/#organization\"},\"potentialAction\":[{\"@type\":\"SearchAction\",\"target\":{\"@type\":\"EntryPoint\",\"urlTemplate\":\"https:\/\/connectaemploi.com\/plataforme\/pb\/?s={search_term_string}\"},\"query-input\":\"required name=search_term_string\"}],\"inLanguage\":\"pt-BR\"},{\"@type\":\"Organization\",\"@id\":\"https:\/\/connectaemploi.com\/plataforme\/pb\/#organization\",\"name\":\"Connecta Emploi\",\"url\":\"https:\/\/connectaemploi.com\/plataforme\/pb\/\",\"logo\":{\"@type\":\"ImageObject\",\"inLanguage\":\"pt-BR\",\"@id\":\"https:\/\/connectaemploi.com\/plataforme\/pb\/#\/schema\/logo\/image\/\",\"url\":\"https:\/\/connectaemploi.com\/plataforme\/wp-content\/uploads\/2024\/07\/azul-4-1.png\",\"contentUrl\":\"https:\/\/connectaemploi.com\/plataforme\/wp-content\/uploads\/2024\/07\/azul-4-1.png\",\"width\":764,\"height\":400,\"caption\":\"Connecta Emploi\"},\"image\":{\"@id\":\"https:\/\/connectaemploi.com\/plataforme\/pb\/#\/schema\/logo\/image\/\"}}]}<\/script>\n<!-- \/ Yoast SEO plugin. -->","yoast_head_json":{"title":"[:fr]Termes et conditions d'utilisation[:en]TERMS OF USE[:es]T\u00c9RMINOS DE USO[:pb]TERMOS E CONDI\u00c7OES DE USO[:] - Connecta Emploi","robots":{"index":"noindex","follow":"follow","max-snippet":"max-snippet:-1","max-image-preview":"max-image-preview:large","max-video-preview":"max-video-preview:-1"},"og_locale":"pt_BR","og_type":"article","og_title":"[:fr]Termes et conditions d'utilisation[:en]TERMS OF USE[:es]T\u00c9RMINOS DE USO[:pb]TERMOS E CONDI\u00c7OES DE USO[:] - Connecta Emploi","og_description":"Bem-vindo \u00e0 Connecta Emploi, uma plataforma especializada em conectar empresas e candidatos para as melhores oportunidades de emprego no Quebec, Canad\u00e1. Abaixo, descrevemos os Termos de Uso da Connecta que regulam a intera\u00e7\u00e3o entre os usu\u00e1rios e a plataforma. Sugerimos que os leia atenta e cuidadosamente, pois ao utilizar nossos servi\u00e7os, voc\u00ea estar\u00e1 implicitamente concordando [&hellip;]","og_url":"https:\/\/connectaemploi.com\/plataforme\/termes-et-conditions\/","og_site_name":"Connecta Emploi","article_modified_time":"2024-01-30T22:29:04+00:00","twitter_card":"summary_large_image","twitter_misc":{"Est. tempo de leitura":"14 minutos"},"schema":{"@context":"https:\/\/schema.org","@graph":[{"@type":"WebPage","@id":"https:\/\/connectaemploi.com\/plataforme\/termes-et-conditions\/","url":"https:\/\/connectaemploi.com\/plataforme\/termes-et-conditions\/","name":"[:fr]Termes et conditions d'utilisation[:en]TERMS OF USE[:es]T\u00c9RMINOS DE USO[:pb]TERMOS E CONDI\u00c7OES DE USO[:] - Connecta Emploi","isPartOf":{"@id":"https:\/\/connectaemploi.com\/plataforme\/pb\/#website"},"datePublished":"2023-12-01T08:54:59+00:00","dateModified":"2024-01-30T22:29:04+00:00","breadcrumb":{"@id":"https:\/\/connectaemploi.com\/plataforme\/termes-et-conditions\/#breadcrumb"},"inLanguage":"pt-BR","potentialAction":[{"@type":"ReadAction","target":["https:\/\/connectaemploi.com\/plataforme\/termes-et-conditions\/"]}]},{"@type":"BreadcrumbList","@id":"https:\/\/connectaemploi.com\/plataforme\/termes-et-conditions\/#breadcrumb","itemListElement":[{"@type":"ListItem","position":1,"name":"In\u00edcio","item":"https:\/\/connectaemploi.com\/plataforme\/"},{"@type":"ListItem","position":2,"name":"Termes et conditions d&#8217;utilisation"}]},{"@type":"WebSite","@id":"https:\/\/connectaemploi.com\/plataforme\/pb\/#website","url":"https:\/\/connectaemploi.com\/plataforme\/pb\/","name":"Connecta Emploi","description":"","publisher":{"@id":"https:\/\/connectaemploi.com\/plataforme\/pb\/#organization"},"potentialAction":[{"@type":"SearchAction","target":{"@type":"EntryPoint","urlTemplate":"https:\/\/connectaemploi.com\/plataforme\/pb\/?s={search_term_string}"},"query-input":"required name=search_term_string"}],"inLanguage":"pt-BR"},{"@type":"Organization","@id":"https:\/\/connectaemploi.com\/plataforme\/pb\/#organization","name":"Connecta Emploi","url":"https:\/\/connectaemploi.com\/plataforme\/pb\/","logo":{"@type":"ImageObject","inLanguage":"pt-BR","@id":"https:\/\/connectaemploi.com\/plataforme\/pb\/#\/schema\/logo\/image\/","url":"https:\/\/connectaemploi.com\/plataforme\/wp-content\/uploads\/2024\/07\/azul-4-1.png","contentUrl":"https:\/\/connectaemploi.com\/plataforme\/wp-content\/uploads\/2024\/07\/azul-4-1.png","width":764,"height":400,"caption":"Connecta Emploi"},"image":{"@id":"https:\/\/connectaemploi.com\/plataforme\/pb\/#\/schema\/logo\/image\/"}}]}},"_links":{"self":[{"href":"https:\/\/connectaemploi.com\/plataforme\/pb\/wp-json\/wp\/v2\/pages\/8915","targetHints":{"allow":["GET"]}}],"collection":[{"href":"https:\/\/connectaemploi.com\/plataforme\/pb\/wp-json\/wp\/v2\/pages"}],"about":[{"href":"https:\/\/connectaemploi.com\/plataforme\/pb\/wp-json\/wp\/v2\/types\/page"}],"author":[{"embeddable":true,"href":"https:\/\/connectaemploi.com\/plataforme\/pb\/wp-json\/wp\/v2\/users\/1"}],"replies":[{"embeddable":true,"href":"https:\/\/connectaemploi.com\/plataforme\/pb\/wp-json\/wp\/v2\/comments?post=8915"}],"version-history":[{"count":11,"href":"https:\/\/connectaemploi.com\/plataforme\/pb\/wp-json\/wp\/v2\/pages\/8915\/revisions"}],"predecessor-version":[{"id":10984,"href":"https:\/\/connectaemploi.com\/plataforme\/pb\/wp-json\/wp\/v2\/pages\/8915\/revisions\/10984"}],"wp:attachment":[{"href":"https:\/\/connectaemploi.com\/plataforme\/pb\/wp-json\/wp\/v2\/media?parent=8915"}],"curies":[{"name":"wp","href":"https:\/\/api.w.org\/{rel}","templated":true}]}}