{"id":8915,"date":"2023-12-01T08:54:59","date_gmt":"2023-12-01T08:54:59","guid":{"rendered":"https:\/\/festive-yalow.186-209-113-134.plesk.page\/plataforme\/?page_id=8915"},"modified":"2024-01-30T22:29:04","modified_gmt":"2024-01-30T22:29:04","slug":"termes-et-conditions","status":"publish","type":"page","link":"https:\/\/connectaemploi.com\/plataforme\/termes-et-conditions\/","title":{"rendered":"Termes et conditions d&#8217;utilisation"},"content":{"rendered":"<p><strong>CONNECTA EMPLOI &#8211; Termes et conditions d&#8217;utilisation<\/strong><\/p>\n<p>Bienvenue sur Connecta Emploi, une plateforme sp\u00e9cialis\u00e9e dans la mise en relation d&#8217;entreprises et de candidats pour les meilleures opportunit\u00e9s d&#8217;emploi au Qu\u00e9bec, Canada.<\/p>\n<p>Ci-dessous, nous d\u00e9crivons les Termes de l&#8217;Usage de Connecta qui r\u00e9gissent l&#8217;interaction entre les utilisateurs et la plateforme. Nous vous sugg\u00e9rons de les lire attentivement, car en utilisant nos services, vous acceptez implicitement ces conditions.<\/p>\n<p>Bonne lecture !<\/p>\n<p><strong>TERMES D&#8217;UTILISATION \u2013 Connecta Emploi<\/strong><\/p>\n<ol>\n<li><strong>Profil de l&#8217;Utilisateur<\/strong> 1.1. La plateforme Connecta Emploi est de l&#8217;acc\u00e8s restreint aux personnes de 18 ans et plus.<\/li>\n<li><strong>Inscription<\/strong> 2.1. L&#8217;inscription sur Connecta Emploi est gratuite. 2.1.1. L&#8217;utilisateur doit le remplir avec ses informations personnelles et professionnelles, y compris son exp\u00e9rience, sa formation et sa r\u00e9gion d&#8217;int\u00e9r\u00eat. 2.1.2. Chaque utilisateur aura acc\u00e8s \u00e0 la plateforme via un nom d&#8217;utilisateur et un mot de passe priv\u00e9, non transf\u00e9rable. 2.2. Connecta Emploi se r\u00e9serve le droit exclusif d&#8217;accepter, refuser et supprimer toute inscription.<\/li>\n<li><strong>Responsabilit\u00e9s de l&#8217;Utilisateur<\/strong> 3.1. L&#8217;utilisateur s&#8217;engage \u00e0 : a) Fournir des informations personnelles et professionnelles vraies et v\u00e9rifiables \u00e0 tout moment. b) Corriger et compl\u00e9ter son inscription sur demande de Connecta Emploi ou \u00e0 sa demande. c) Respecter les entreprises et les autres utilisateurs inscrits sur Connecta Emploi. 3.2. L&#8217;utilisateur de Connecta Emploi est seul responsable de l&#8217;utilisation inappropri\u00e9e ou fausse des informations incluses dans son profil, et est susceptible de sanctions en r\u00e9sultant.<\/li>\n<li><strong>Confidentialit\u00e9<\/strong> 4.1. Les informations personnelles et professionnelles de l&#8217;utilisateur contenues dans son profil sur Connecta Emploi sont confidentielles et prot\u00e9g\u00e9es, et ne seront jamais partag\u00e9es, gratuitement ou commercialement, avec des tiers. 4.2. Les informations de l&#8217;utilisateur sur Connecta Emploi seront partag\u00e9es exclusivement avec les entreprises inscrites qui proposent des postes disponibles et compatibles avec son profil.<\/li>\n<li><strong>Zone VIP<\/strong> 5.1. La Zone VIP est accessible \u00e0 l&#8217;utilisateur par le biais de l&#8217;abonnement \u00e0 notre Plan Connecta VIP. 5.1.1. L&#8217;abonnement au Plan Connecta VIP est annuel (12 mois), avec des paiements mensuels r\u00e9currents. 5.2. Apr\u00e8s 3 tentatives de paiement infructueuses, le profil de l&#8217;utilisateur sera automatiquement suspendu et son acc\u00e8s bloqu\u00e9. 5.2.1. Si le paiement n&#8217;est pas r\u00e9gularis\u00e9 dans les 72 heures suivant la derni\u00e8re tentative infructueuse, Connecta Emploi annulera d\u00e9finitivement le profil de l&#8217;utilisateur, avec une amende \u00e9quivalente \u00e0 5 versements du Plan VIP. 5.3. En cas d&#8217;annulation anticip\u00e9e, une p\u00e9nalit\u00e9 de r\u00e9siliation \u00e9quivalente \u00e0 5 versements du Plan VIP sera appliqu\u00e9e et pr\u00e9lev\u00e9e automatiquement via le moyen de paiement enregistr\u00e9 par l&#8217;utilisateur sur Connecta Emploi.<\/li>\n<li><strong>Responsabilit\u00e9s de Connecta Emploi<\/strong> 6.1. Connecta Emploi s&#8217;engage \u00e0 : a) Mettre \u00e0 disposition les offres d&#8217;emploi des entreprises inscrites sur la plateforme. b) Offrir une vari\u00e9t\u00e9 de cours. c) Fournir des informations compl\u00e8tes pour aider les utilisateurs \u00e0 saisir des opportunit\u00e9s d&#8217;emploi au Qu\u00e9bec. 6.2. Connecta Emploi ne fournit pas d&#8217;emplois, seulement des postes vacants. Tout le processus de s\u00e9lection, de l&#8217;entretien \u00e0 la signature du contrat, rel\u00e8ve de la seule responsabilit\u00e9 de l&#8217;entreprise qui s\u00e9lectionne le candidat. 6.3. Connecta Emploi ne garantit en aucun cas l&#8217;obtention d&#8217;un emploi. Sa seule obligation limit\u00e9e est de faciliter le contact entre les utilisateurs : entreprises et leurs postes vacants, et les profils des candidats.<\/li>\n<li><strong>Annulation de l&#8217;inscription et suppression des donn\u00e9es de l&#8217;utilisateur<\/strong> 7.1. L&#8217;inscription de l&#8217;utilisateur, qu&#8217;il soit dans le Plan Gratuit ou dans le Plan Connecta VIP, peut \u00eatre annul\u00e9e en cas de : a) Fourniture d&#8217;informations fausses. b) Non-respect des r\u00e8gles de la plateforme. c) Et dans le cas sp\u00e9cifique du Plan Connecta VIP, en cas de non-paiement. 7.2. L&#8217;annulation de l&#8217;inscription sera communiqu\u00e9e \u00e0 l&#8217;utilisateur exclusivement par e-mail.<\/li>\n<li><strong>Mises \u00e0 jour<\/strong> 8.1. Les mises \u00e0 jour sur la plateforme Connecta Emploi seront communiqu\u00e9es \u00e0 l&#8217;utilisateur par le biais de communications \u00e9lectroniques. Si n\u00e9cessaire, une demande d&#8217;approbation sera requise.<\/li>\n<li><strong>Modification des dispositions des Conditions d&#8217;Utilisation<\/strong> 9.1. Connecta Emploi se r\u00e9serve le droit de modifier les dispositions de ces Conditions d&#8217;Utilisation \u00e0 tout moment, avec notification pr\u00e9alable aux utilisateurs.<\/li>\n<li><strong>Juridiction<\/strong> 10.1. Les Conditions d&#8217;Utilisation de la Plateforme Connecta Emploi sont soumises \u00e0 la l\u00e9gislation br\u00e9silienne.<\/li>\n<li><strong>En utilisant la Plateforme Connecta Emploi, vous, utilisateur, acceptez express\u00e9ment ces Conditions d&#8217;Utilisation. Nous vous recommandons donc de les lire et de les r\u00e9viser attentivement, et si n\u00e9cessaire, de consulter un conseiller juridique pour assurer une compr\u00e9hension totale de leur contenu.<\/strong><\/li>\n<\/ol>\n<p><\/p>","protected":false},"excerpt":{"rendered":"<p>CONNECTA EMPLOI &#8211; Termes et conditions d&#8217;utilisation Bienvenue sur Connecta Emploi, une plateforme sp\u00e9cialis\u00e9e dans la mise en relation d&#8217;entreprises et de candidats pour les meilleures opportunit\u00e9s d&#8217;emploi au Qu\u00e9bec, Canada. Ci-dessous, nous d\u00e9crivons les Termes de l&#8217;Usage de Connecta qui r\u00e9gissent l&#8217;interaction entre les utilisateurs et la plateforme. Nous vous sugg\u00e9rons de les lire [&hellip;]<\/p>\n","protected":false},"author":1,"featured_media":0,"parent":0,"menu_order":0,"comment_status":"closed","ping_status":"closed","template":"","meta":{"footnotes":""},"class_list":["post-8915","page","type-page","status-publish","hentry"],"yoast_head":"<!-- This site is optimized with the Yoast SEO plugin v23.1 - https:\/\/yoast.com\/wordpress\/plugins\/seo\/ -->\n<title>Termes et conditions d&#039;utilisation - Connecta Emploi<\/title>\n<meta name=\"robots\" content=\"noindex, follow, max-snippet:-1, max-image-preview:large, max-video-preview:-1\" \/>\n<meta property=\"og:locale\" content=\"fr_CA\" \/>\n<meta property=\"og:type\" content=\"article\" \/>\n<meta property=\"og:title\" content=\"[:fr]Termes et conditions d&#039;utilisation[:en]TERMS OF USE[:es]T\u00c9RMINOS DE USO[:pb]TERMOS E CONDI\u00c7OES DE USO[:] - Connecta Emploi\" \/>\n<meta property=\"og:description\" content=\"CONNECTA EMPLOI &#8211; Termes et conditions d&#8217;utilisation Bienvenue sur Connecta Emploi, une plateforme sp\u00e9cialis\u00e9e dans la mise en relation d&#8217;entreprises et de candidats pour les meilleures opportunit\u00e9s d&#8217;emploi au Qu\u00e9bec, Canada. Ci-dessous, nous d\u00e9crivons les Termes de l&#8217;Usage de Connecta qui r\u00e9gissent l&#8217;interaction entre les utilisateurs et la plateforme. Nous vous sugg\u00e9rons de les lire [&hellip;]\" \/>\n<meta property=\"og:url\" content=\"https:\/\/connectaemploi.com\/plataforme\/termes-et-conditions\/\" \/>\n<meta property=\"og:site_name\" content=\"Connecta Emploi\" \/>\n<meta property=\"article:modified_time\" content=\"2024-01-30T22:29:04+00:00\" \/>\n<meta name=\"twitter:card\" content=\"summary_large_image\" \/>\n<meta name=\"twitter:label1\" content=\"Estimation du temps de lecture\" \/>\n\t<meta name=\"twitter:data1\" content=\"14 minutes\" \/>\n<script type=\"application\/ld+json\" class=\"yoast-schema-graph\">{\"@context\":\"https:\/\/schema.org\",\"@graph\":[{\"@type\":\"WebPage\",\"@id\":\"https:\/\/connectaemploi.com\/plataforme\/termes-et-conditions\/\",\"url\":\"https:\/\/connectaemploi.com\/plataforme\/termes-et-conditions\/\",\"name\":\"[:fr]Termes et conditions d'utilisation[:en]TERMS OF USE[:es]T\u00c9RMINOS DE USO[:pb]TERMOS E CONDI\u00c7OES DE USO[:] - Connecta Emploi\",\"isPartOf\":{\"@id\":\"https:\/\/connectaemploi.com\/plataforme\/pb\/#website\"},\"datePublished\":\"2023-12-01T08:54:59+00:00\",\"dateModified\":\"2024-01-30T22:29:04+00:00\",\"breadcrumb\":{\"@id\":\"https:\/\/connectaemploi.com\/plataforme\/termes-et-conditions\/#breadcrumb\"},\"inLanguage\":\"fr-CA\",\"potentialAction\":[{\"@type\":\"ReadAction\",\"target\":[\"https:\/\/connectaemploi.com\/plataforme\/termes-et-conditions\/\"]}]},{\"@type\":\"BreadcrumbList\",\"@id\":\"https:\/\/connectaemploi.com\/plataforme\/termes-et-conditions\/#breadcrumb\",\"itemListElement\":[{\"@type\":\"ListItem\",\"position\":1,\"name\":\"In\u00edcio\",\"item\":\"https:\/\/connectaemploi.com\/plataforme\/\"},{\"@type\":\"ListItem\",\"position\":2,\"name\":\"Termes et conditions d&#8217;utilisation\"}]},{\"@type\":\"WebSite\",\"@id\":\"https:\/\/connectaemploi.com\/plataforme\/pb\/#website\",\"url\":\"https:\/\/connectaemploi.com\/plataforme\/pb\/\",\"name\":\"Connecta Emploi\",\"description\":\"\",\"publisher\":{\"@id\":\"https:\/\/connectaemploi.com\/plataforme\/pb\/#organization\"},\"potentialAction\":[{\"@type\":\"SearchAction\",\"target\":{\"@type\":\"EntryPoint\",\"urlTemplate\":\"https:\/\/connectaemploi.com\/plataforme\/pb\/?s={search_term_string}\"},\"query-input\":\"required name=search_term_string\"}],\"inLanguage\":\"fr-CA\"},{\"@type\":\"Organization\",\"@id\":\"https:\/\/connectaemploi.com\/plataforme\/pb\/#organization\",\"name\":\"Connecta Emploi\",\"url\":\"https:\/\/connectaemploi.com\/plataforme\/pb\/\",\"logo\":{\"@type\":\"ImageObject\",\"inLanguage\":\"fr-CA\",\"@id\":\"https:\/\/connectaemploi.com\/plataforme\/pb\/#\/schema\/logo\/image\/\",\"url\":\"https:\/\/connectaemploi.com\/plataforme\/wp-content\/uploads\/2024\/07\/azul-4-1.png\",\"contentUrl\":\"https:\/\/connectaemploi.com\/plataforme\/wp-content\/uploads\/2024\/07\/azul-4-1.png\",\"width\":764,\"height\":400,\"caption\":\"Connecta Emploi\"},\"image\":{\"@id\":\"https:\/\/connectaemploi.com\/plataforme\/pb\/#\/schema\/logo\/image\/\"}}]}<\/script>\n<!-- \/ Yoast SEO plugin. -->","yoast_head_json":{"title":"[:fr]Termes et conditions d'utilisation[:en]TERMS OF USE[:es]T\u00c9RMINOS DE USO[:pb]TERMOS E CONDI\u00c7OES DE USO[:] - Connecta Emploi","robots":{"index":"noindex","follow":"follow","max-snippet":"max-snippet:-1","max-image-preview":"max-image-preview:large","max-video-preview":"max-video-preview:-1"},"og_locale":"fr_CA","og_type":"article","og_title":"[:fr]Termes et conditions d'utilisation[:en]TERMS OF USE[:es]T\u00c9RMINOS DE USO[:pb]TERMOS E CONDI\u00c7OES DE USO[:] - Connecta Emploi","og_description":"CONNECTA EMPLOI &#8211; Termes et conditions d&#8217;utilisation Bienvenue sur Connecta Emploi, une plateforme sp\u00e9cialis\u00e9e dans la mise en relation d&#8217;entreprises et de candidats pour les meilleures opportunit\u00e9s d&#8217;emploi au Qu\u00e9bec, Canada. Ci-dessous, nous d\u00e9crivons les Termes de l&#8217;Usage de Connecta qui r\u00e9gissent l&#8217;interaction entre les utilisateurs et la plateforme. Nous vous sugg\u00e9rons de les lire [&hellip;]","og_url":"https:\/\/connectaemploi.com\/plataforme\/termes-et-conditions\/","og_site_name":"Connecta Emploi","article_modified_time":"2024-01-30T22:29:04+00:00","twitter_card":"summary_large_image","twitter_misc":{"Estimation du temps de lecture":"14 minutes"},"schema":{"@context":"https:\/\/schema.org","@graph":[{"@type":"WebPage","@id":"https:\/\/connectaemploi.com\/plataforme\/termes-et-conditions\/","url":"https:\/\/connectaemploi.com\/plataforme\/termes-et-conditions\/","name":"[:fr]Termes et conditions d'utilisation[:en]TERMS OF USE[:es]T\u00c9RMINOS DE USO[:pb]TERMOS E CONDI\u00c7OES DE USO[:] - Connecta Emploi","isPartOf":{"@id":"https:\/\/connectaemploi.com\/plataforme\/pb\/#website"},"datePublished":"2023-12-01T08:54:59+00:00","dateModified":"2024-01-30T22:29:04+00:00","breadcrumb":{"@id":"https:\/\/connectaemploi.com\/plataforme\/termes-et-conditions\/#breadcrumb"},"inLanguage":"fr-CA","potentialAction":[{"@type":"ReadAction","target":["https:\/\/connectaemploi.com\/plataforme\/termes-et-conditions\/"]}]},{"@type":"BreadcrumbList","@id":"https:\/\/connectaemploi.com\/plataforme\/termes-et-conditions\/#breadcrumb","itemListElement":[{"@type":"ListItem","position":1,"name":"In\u00edcio","item":"https:\/\/connectaemploi.com\/plataforme\/"},{"@type":"ListItem","position":2,"name":"Termes et conditions d&#8217;utilisation"}]},{"@type":"WebSite","@id":"https:\/\/connectaemploi.com\/plataforme\/pb\/#website","url":"https:\/\/connectaemploi.com\/plataforme\/pb\/","name":"Connecta Emploi","description":"","publisher":{"@id":"https:\/\/connectaemploi.com\/plataforme\/pb\/#organization"},"potentialAction":[{"@type":"SearchAction","target":{"@type":"EntryPoint","urlTemplate":"https:\/\/connectaemploi.com\/plataforme\/pb\/?s={search_term_string}"},"query-input":"required name=search_term_string"}],"inLanguage":"fr-CA"},{"@type":"Organization","@id":"https:\/\/connectaemploi.com\/plataforme\/pb\/#organization","name":"Connecta Emploi","url":"https:\/\/connectaemploi.com\/plataforme\/pb\/","logo":{"@type":"ImageObject","inLanguage":"fr-CA","@id":"https:\/\/connectaemploi.com\/plataforme\/pb\/#\/schema\/logo\/image\/","url":"https:\/\/connectaemploi.com\/plataforme\/wp-content\/uploads\/2024\/07\/azul-4-1.png","contentUrl":"https:\/\/connectaemploi.com\/plataforme\/wp-content\/uploads\/2024\/07\/azul-4-1.png","width":764,"height":400,"caption":"Connecta Emploi"},"image":{"@id":"https:\/\/connectaemploi.com\/plataforme\/pb\/#\/schema\/logo\/image\/"}}]}},"_links":{"self":[{"href":"https:\/\/connectaemploi.com\/plataforme\/wp-json\/wp\/v2\/pages\/8915","targetHints":{"allow":["GET"]}}],"collection":[{"href":"https:\/\/connectaemploi.com\/plataforme\/wp-json\/wp\/v2\/pages"}],"about":[{"href":"https:\/\/connectaemploi.com\/plataforme\/wp-json\/wp\/v2\/types\/page"}],"author":[{"embeddable":true,"href":"https:\/\/connectaemploi.com\/plataforme\/wp-json\/wp\/v2\/users\/1"}],"replies":[{"embeddable":true,"href":"https:\/\/connectaemploi.com\/plataforme\/wp-json\/wp\/v2\/comments?post=8915"}],"version-history":[{"count":11,"href":"https:\/\/connectaemploi.com\/plataforme\/wp-json\/wp\/v2\/pages\/8915\/revisions"}],"predecessor-version":[{"id":10984,"href":"https:\/\/connectaemploi.com\/plataforme\/wp-json\/wp\/v2\/pages\/8915\/revisions\/10984"}],"wp:attachment":[{"href":"https:\/\/connectaemploi.com\/plataforme\/wp-json\/wp\/v2\/media?parent=8915"}],"curies":[{"name":"wp","href":"https:\/\/api.w.org\/{rel}","templated":true}]}}